{"id":173,"date":"2020-06-29T21:33:35","date_gmt":"2020-06-29T21:33:35","guid":{"rendered":"http:\/\/hausveenstra.de\/?page_id=173"},"modified":"2020-06-30T20:58:51","modified_gmt":"2020-06-30T20:58:51","slug":"fruehstueck","status":"publish","type":"page","link":"https:\/\/hausveenstra.de\/?page_id=173","title":{"rendered":"Fr\u00fchst\u00fcck"},"content":{"rendered":"<p><!--StartFragment--><\/p>\n\n\n<p>Fr\u00fchst\u00fcck finden Sie auf 80 Meter Entfernung bei der B\u00e4ckerei Schillinger. Im Herzen von Kelberg k\u00f6nnen Sie dort drinnen oder drau\u00dfen auf der Terrasse Fr\u00fchst\u00fccken oder Kaffee und Kuchen genie\u00dfen. Die B\u00e4ckerei hat T\u00e4glich ge\u00f6ffnet.<\/p>\n\n\n\n<p><a href=\"http:\/\/www.schillingers.de\/\">http:\/\/www.schillingers.de\/<\/a><\/p>\n\n\n<p><!--EndFragment--><\/p>\n\n\n<p><br><\/p>\n","protected":false},"excerpt":{"rendered":"<p>Fr\u00fchst\u00fcck finden Sie auf 80 Meter Entfernung bei der B\u00e4ckerei Schillinger. Im Herzen von Kelberg k\u00f6nnen Sie dort drinnen oder drau\u00dfen auf der Terrasse Fr\u00fchst\u00fccken oder Kaffee und Kuchen genie\u00dfen. Die B\u00e4ckerei hat T\u00e4glich ge\u00f6ffnet. http:\/\/www.schillingers.de\/<\/p>\n","protected":false},"author":1,"featured_media":0,"parent":0,"menu_order":0,"comment_status":"closed","ping_status":"closed","template":"","meta":[],"_links":{"self":[{"href":"https:\/\/hausveenstra.de\/index.php?rest_route=\/wp\/v2\/pages\/173"}],"collection":[{"href":"https:\/\/hausveenstra.de\/index.php?rest_route=\/wp\/v2\/pages"}],"about":[{"href":"https:\/\/hausveenstra.de\/index.php?rest_route=\/wp\/v2\/types\/page"}],"author":[{"embeddable":true,"href":"https:\/\/hausveenstra.de\/index.php?rest_route=\/wp\/v2\/users\/1"}],"replies":[{"embeddable":true,"href":"https:\/\/hausveenstra.de\/index.php?rest_route=%2Fwp%2Fv2%2Fcomments&post=173"}],"version-history":[{"count":3,"href":"https:\/\/hausveenstra.de\/index.php?rest_route=\/wp\/v2\/pages\/173\/revisions"}],"predecessor-version":[{"id":250,"href":"https:\/\/hausveenstra.de\/index.php?rest_route=\/wp\/v2\/pages\/173\/revisions\/250"}],"wp:attachment":[{"href":"https:\/\/hausveenstra.de\/index.php?rest_route=%2Fwp%2Fv2%2Fmedia&parent=173"}],"curies":[{"name":"wp","href":"https:\/\/api.w.org\/{rel}","templated":true}]}}