{"id":180,"date":"2020-06-29T21:35:30","date_gmt":"2020-06-29T21:35:30","guid":{"rendered":"http:\/\/hausveenstra.de\/?page_id=180"},"modified":"2020-06-30T22:00:41","modified_gmt":"2020-06-30T22:00:41","slug":"kultur","status":"publish","type":"page","link":"https:\/\/hausveenstra.de\/?page_id=180","title":{"rendered":"Kultur"},"content":{"rendered":"\n<p>In den ber\u00fchmten Mosel Ort Cochem finden Sie einer der sch\u00f6nsten Burgen der Eifel. Die Reichsburg Cochem. Nach dem Besuch k\u00f6nnen Sie am Wasser eine der vielen Moselweine genie\u00dfen oder in der Federweisen-Zeit ein Zwiebelkuchen mit Federweisen trinken. <\/p>\n\n\n\n<p><a href=\"https:\/\/reichsburg-cochem.de\/\">https:\/\/reichsburg-cochem.de\/<\/a><\/p>\n\n\n\n<p>Cochem und die Mosel kann man auch sehr entspannt per Schiff erkunden. Direkt im Zentrum von Cochem starten mehrere schiffstouren.<\/p>\n\n\n\n<p><a href=\"https:\/\/www.moselrundfahrten.de\/cochem\/home\">https:\/\/www.moselrundfahrten.de\/cochem\/home<\/a><\/p>\n\n\n\n<p>Die Burg Elz ist sehr sch\u00f6n im Wald gelegen und ist ein Absolutes Highlight. Ein wahres M\u00e4rchenschloss.<\/p>\n\n\n\n<p><a href=\"https:\/\/www.burg-eltz.de\/de\/\">https:\/\/www.burg-eltz.de\/de\/<\/a><a href=\"https:\/\/www.burg-eltz.de\/de\/\">https:\/\/www.burg-eltz.de\/de\/<\/a><\/p>\n\n\n\n<p>Inmitten der N\u00fcrburgring steht der N\u00fcrburg, ein weg nach oben auf dem Turm um die Aussicht zu genie\u00dfen lohnt sich allemal. Der Weg ist steinig und sicherlich nicht f\u00fcr jeden leicht machbar, die Aussicht ist es aber Wert!<\/p>\n\n\n\n<p>Die Benediktinerabtei in Maria Laach geh\u00f6rt sicherlich zu einer der ber\u00fchmtesten Kloster. Neben dem Laacher See gelegen eignet es sich perfekt f\u00fcr eine ausgedehnte Wanderung.<\/p>\n\n\n\n<p><a href=\"https:\/\/www.maria-laach.de\/\">https:\/\/www.maria-laach.de\/<\/a><\/p>\n\n\n\n<p><\/p>\n","protected":false},"excerpt":{"rendered":"<p>In den ber\u00fchmten Mosel Ort Cochem finden Sie einer der sch\u00f6nsten Burgen der Eifel. Die Reichsburg Cochem. Nach dem Besuch k\u00f6nnen Sie am Wasser eine der vielen Moselweine genie\u00dfen oder in der Federweisen-Zeit ein Zwiebelkuchen mit Federweisen trinken. https:\/\/reichsburg-cochem.de\/ Cochem und die Mosel kann man auch sehr entspannt per Schiff erkunden. Direkt im Zentrum von &hellip; <\/p>\n<p class=\"link-more\"><a href=\"https:\/\/hausveenstra.de\/?page_id=180\" class=\"more-link\"><span class=\"screen-reader-text\">&#8220;Kultur&#8221;<\/span> verder lezen<\/a><\/p>\n","protected":false},"author":1,"featured_media":0,"parent":0,"menu_order":0,"comment_status":"closed","ping_status":"closed","template":"","meta":[],"_links":{"self":[{"href":"https:\/\/hausveenstra.de\/index.php?rest_route=\/wp\/v2\/pages\/180"}],"collection":[{"href":"https:\/\/hausveenstra.de\/index.php?rest_route=\/wp\/v2\/pages"}],"about":[{"href":"https:\/\/hausveenstra.de\/index.php?rest_route=\/wp\/v2\/types\/page"}],"author":[{"embeddable":true,"href":"https:\/\/hausveenstra.de\/index.php?rest_route=\/wp\/v2\/users\/1"}],"replies":[{"embeddable":true,"href":"https:\/\/hausveenstra.de\/index.php?rest_route=%2Fwp%2Fv2%2Fcomments&post=180"}],"version-history":[{"count":5,"href":"https:\/\/hausveenstra.de\/index.php?rest_route=\/wp\/v2\/pages\/180\/revisions"}],"predecessor-version":[{"id":265,"href":"https:\/\/hausveenstra.de\/index.php?rest_route=\/wp\/v2\/pages\/180\/revisions\/265"}],"wp:attachment":[{"href":"https:\/\/hausveenstra.de\/index.php?rest_route=%2Fwp%2Fv2%2Fmedia&parent=180"}],"curies":[{"name":"wp","href":"https:\/\/api.w.org\/{rel}","templated":true}]}}