{"id":182,"date":"2020-06-29T21:35:49","date_gmt":"2020-06-29T21:35:49","guid":{"rendered":"http:\/\/hausveenstra.de\/?page_id=182"},"modified":"2022-02-20T18:43:28","modified_gmt":"2022-02-20T18:43:28","slug":"familie","status":"publish","type":"page","link":"https:\/\/hausveenstra.de\/?page_id=182","title":{"rendered":"Ausfl\u00fcge und Familientipps"},"content":{"rendered":"\n<p>Es gibt eine Vielzahl an Sehensw\u00fcrdigkeiten direkt in der N\u00e4he.<\/p>\n\n\n\n<p>Hier ein paar Beispiele:<\/p>\n\n\n\n<p><a href=\"https:\/\/www.vgv-kelberg.de\/tourismus-freizeit\/ausflugsziele-sehenswuerdigkeiten\/\">Ausflugsziele &amp; Sehensw\u00fcrdigkeiten | Verbandsgemeinde Kelberg (vgv-kelberg.de)<\/a><\/p>\n","protected":false},"excerpt":{"rendered":"<p>Es gibt eine Vielzahl an Sehensw\u00fcrdigkeiten direkt in der N\u00e4he. Hier ein paar Beispiele: Ausflugsziele &amp; Sehensw\u00fcrdigkeiten | Verbandsgemeinde Kelberg (vgv-kelberg.de)<\/p>\n","protected":false},"author":1,"featured_media":0,"parent":0,"menu_order":0,"comment_status":"closed","ping_status":"closed","template":"","meta":[],"_links":{"self":[{"href":"https:\/\/hausveenstra.de\/index.php?rest_route=\/wp\/v2\/pages\/182"}],"collection":[{"href":"https:\/\/hausveenstra.de\/index.php?rest_route=\/wp\/v2\/pages"}],"about":[{"href":"https:\/\/hausveenstra.de\/index.php?rest_route=\/wp\/v2\/types\/page"}],"author":[{"embeddable":true,"href":"https:\/\/hausveenstra.de\/index.php?rest_route=\/wp\/v2\/users\/1"}],"replies":[{"embeddable":true,"href":"https:\/\/hausveenstra.de\/index.php?rest_route=%2Fwp%2Fv2%2Fcomments&post=182"}],"version-history":[{"count":2,"href":"https:\/\/hausveenstra.de\/index.php?rest_route=\/wp\/v2\/pages\/182\/revisions"}],"predecessor-version":[{"id":367,"href":"https:\/\/hausveenstra.de\/index.php?rest_route=\/wp\/v2\/pages\/182\/revisions\/367"}],"wp:attachment":[{"href":"https:\/\/hausveenstra.de\/index.php?rest_route=%2Fwp%2Fv2%2Fmedia&parent=182"}],"curies":[{"name":"wp","href":"https:\/\/api.w.org\/{rel}","templated":true}]}}