{"id":206,"date":"2020-06-29T21:47:08","date_gmt":"2020-06-29T21:47:08","guid":{"rendered":"http:\/\/hausveenstra.de\/?page_id=206"},"modified":"2022-02-26T11:21:22","modified_gmt":"2022-02-26T11:21:22","slug":"lekker-eten","status":"publish","type":"page","link":"https:\/\/hausveenstra.de\/?page_id=206&lang=nl","title":{"rendered":"Lekker eten"},"content":{"rendered":"\n<p id=\"block-7ae9c2f6-4261-4e3d-8154-bcda953d0c96\"><br>Gezellig eten , de avond en het uitzicht genieten vanaf het hoogste terras in Rheinland-Pfalz  direkt aan de voet van de N\u00fcrburg.  Duitse gerechten en een gezellige sfeer. \u00c9\u00e9n van de best bezochste restaurants in de buurt.<\/p>\n\n\n\n<p id=\"block-bab36051-e204-4be1-b331-5ab8958ea95e\"><a href=\"http:\/\/zur-nuerburg.de\/\">http:\/\/zur-nuerburg.de\/<\/a><\/p>\n\n\n\n<p id=\"block-57042c88-aca5-49ea-a110-1658e115b217\">Normale gerechten maar op een zeer hoog niveau voor normale prijzen vindt je in de  Landk\u00fcche Daun. Bekent van de Televisie show Mein Lokal Dein Lokal van Kabel Eins , waar  het restaurant natuurlijk gewonnen heeft. Het is ongeveer 15 kilometer rijden naar Daun.<\/p>\n\n\n\n<p id=\"block-57042c88-aca5-49ea-a110-1658e115b217\"><blockquote class=\"wp-embedded-content\" data-secret=\"UzzjnK4Rlx\"><a href=\"https:\/\/landkueche-daun.de\/\">Home<\/a><\/blockquote><iframe class=\"wp-embedded-content\" sandbox=\"allow-scripts\" security=\"restricted\" style=\"position: absolute; clip: rect(1px, 1px, 1px, 1px);\" title=\"&#8222;Home&#8220; &#8212; RESTAURANT LANDK\u00dcCHE \u00b7 Daun \/ Eifel\" src=\"https:\/\/landkueche-daun.de\/embed\/#?secret=bjd6zmkplb#?secret=UzzjnK4Rlx\" data-secret=\"UzzjnK4Rlx\" width=\"525\" height=\"296\" frameborder=\"0\" marginwidth=\"0\" marginheight=\"0\" scrolling=\"no\"><\/iframe><\/p>\n\n\n\n<p>\ufeff<\/p>\n","protected":false},"excerpt":{"rendered":"<p>Gezellig eten , de avond en het uitzicht genieten vanaf het hoogste terras in Rheinland-Pfalz direkt aan de voet van de N\u00fcrburg. Duitse gerechten en een gezellige sfeer. \u00c9\u00e9n van de best bezochste restaurants in de buurt. http:\/\/zur-nuerburg.de\/ Normale gerechten maar op een zeer hoog niveau voor normale prijzen vindt je in de Landk\u00fcche Daun. &hellip; <\/p>\n<p class=\"link-more\"><a href=\"https:\/\/hausveenstra.de\/?page_id=206&#038;lang=nl\" class=\"more-link\"><span class=\"screen-reader-text\">&#8220;Lekker eten&#8221;<\/span> verder lezen<\/a><\/p>\n","protected":false},"author":1,"featured_media":0,"parent":0,"menu_order":0,"comment_status":"closed","ping_status":"closed","template":"","meta":[],"_links":{"self":[{"href":"https:\/\/hausveenstra.de\/index.php?rest_route=\/wp\/v2\/pages\/206"}],"collection":[{"href":"https:\/\/hausveenstra.de\/index.php?rest_route=\/wp\/v2\/pages"}],"about":[{"href":"https:\/\/hausveenstra.de\/index.php?rest_route=\/wp\/v2\/types\/page"}],"author":[{"embeddable":true,"href":"https:\/\/hausveenstra.de\/index.php?rest_route=\/wp\/v2\/users\/1"}],"replies":[{"embeddable":true,"href":"https:\/\/hausveenstra.de\/index.php?rest_route=%2Fwp%2Fv2%2Fcomments&post=206"}],"version-history":[{"count":2,"href":"https:\/\/hausveenstra.de\/index.php?rest_route=\/wp\/v2\/pages\/206\/revisions"}],"predecessor-version":[{"id":461,"href":"https:\/\/hausveenstra.de\/index.php?rest_route=\/wp\/v2\/pages\/206\/revisions\/461"}],"wp:attachment":[{"href":"https:\/\/hausveenstra.de\/index.php?rest_route=%2Fwp%2Fv2%2Fmedia&parent=206"}],"curies":[{"name":"wp","href":"https:\/\/api.w.org\/{rel}","templated":true}]}}