{"id":27,"date":"2019-05-03T07:44:20","date_gmt":"2019-05-03T07:44:20","guid":{"rendered":"http:\/\/hausveenstra.de\/?page_id=27"},"modified":"2022-02-26T11:42:37","modified_gmt":"2022-02-26T11:42:37","slug":"startseite","status":"publish","type":"page","link":"https:\/\/hausveenstra.de\/","title":{"rendered":"G\u00e4stehaus Veenstra"},"content":{"rendered":"\n<p>Herzlich Willkommen zum G\u00e4stehaus Veenstra<\/p>\n\n\n\n<p>Unser G\u00e4stehaus bietet 3 ger\u00e4umige Doppelzimmer mit folgende Ausstattung:<\/p>\n\n\n\n<ul><li>Jedes Zimmer hat ein eigenes ger\u00e4umiges Badezimmer<\/li><li>Eigene Parkpl\u00e4tze <\/li><li>Modern eingerichtete Zimmer<\/li><li>Gratis Wlan<\/li><li>Kostenlos Kaffee, Tee und Sprudel in jedem Zimmer<\/li><li>K\u00fchlschrank<\/li><li>F\u00f6hn<\/li><li>Bodenheizung<\/li><li>Fernseher<\/li><\/ul>\n\n\n\n<p class=\"has-white-color has-text-color\">N\u00fcrburgring Eifel Vulkaneifel Rennsport Mountainbike Wandern Wandelen Cochem Mosel The Nurburgring N\u00fcrburg races rennen maaren vakantie vacation urlaub overnachten dtm 24 hours race 24 stunden rennen vln rcn truck grand prix ferrari days oldtimer gp kelberg ferienwohnung gute lage <\/p>\n","protected":false},"excerpt":{"rendered":"<p>Herzlich Willkommen zum G\u00e4stehaus Veenstra Unser G\u00e4stehaus bietet 3 ger\u00e4umige Doppelzimmer mit folgende Ausstattung: Jedes Zimmer hat ein eigenes ger\u00e4umiges Badezimmer Eigene Parkpl\u00e4tze Modern eingerichtete Zimmer Gratis Wlan Kostenlos Kaffee, Tee und Sprudel in jedem Zimmer K\u00fchlschrank F\u00f6hn Bodenheizung Fernseher N\u00fcrburgring Eifel Vulkaneifel Rennsport Mountainbike Wandern Wandelen Cochem Mosel The Nurburgring N\u00fcrburg races rennen maaren &hellip; <\/p>\n<p class=\"link-more\"><a href=\"https:\/\/hausveenstra.de\/\" class=\"more-link\"><span class=\"screen-reader-text\">&#8220;G\u00e4stehaus Veenstra&#8221;<\/span> verder lezen<\/a><\/p>\n","protected":false},"author":1,"featured_media":0,"parent":0,"menu_order":0,"comment_status":"closed","ping_status":"closed","template":"","meta":[],"_links":{"self":[{"href":"https:\/\/hausveenstra.de\/index.php?rest_route=\/wp\/v2\/pages\/27"}],"collection":[{"href":"https:\/\/hausveenstra.de\/index.php?rest_route=\/wp\/v2\/pages"}],"about":[{"href":"https:\/\/hausveenstra.de\/index.php?rest_route=\/wp\/v2\/types\/page"}],"author":[{"embeddable":true,"href":"https:\/\/hausveenstra.de\/index.php?rest_route=\/wp\/v2\/users\/1"}],"replies":[{"embeddable":true,"href":"https:\/\/hausveenstra.de\/index.php?rest_route=%2Fwp%2Fv2%2Fcomments&post=27"}],"version-history":[{"count":8,"href":"https:\/\/hausveenstra.de\/index.php?rest_route=\/wp\/v2\/pages\/27\/revisions"}],"predecessor-version":[{"id":466,"href":"https:\/\/hausveenstra.de\/index.php?rest_route=\/wp\/v2\/pages\/27\/revisions\/466"}],"wp:attachment":[{"href":"https:\/\/hausveenstra.de\/index.php?rest_route=%2Fwp%2Fv2%2Fmedia&parent=27"}],"curies":[{"name":"wp","href":"https:\/\/api.w.org\/{rel}","templated":true}]}}