{"id":92,"date":"2020-06-27T13:44:26","date_gmt":"2020-06-27T13:44:26","guid":{"rendered":"http:\/\/hausveenstra.de\/?page_id=92"},"modified":"2020-06-27T14:05:21","modified_gmt":"2020-06-27T14:05:21","slug":"aktivitaeten","status":"publish","type":"page","link":"https:\/\/hausveenstra.de\/?page_id=92","title":{"rendered":"Aktivit\u00e4ten"},"content":{"rendered":"\n<h2>Damit Sie bereits vorab Ihr Aufenthalt Planen und gestallten k\u00f6nnen, haben wir hier eine Liste von befreundete Unternehmen. <\/h2>\n\n\n\n<p>Zum Fr\u00fchst\u00fcck finden Sie auf 80 Meter Entfernung die B\u00e4ckerei Schillinger. Im Herzen von Kelberg k\u00f6nnen Sie dort drinnen oder drau\u00dfen auf der Terrasse Fr\u00fchst\u00fccken oder Kaffee und Kuchen genie\u00dfen. Die B\u00e4ckerei hat T\u00e4glich ge\u00f6ffnet.<\/p>\n\n\n\n<p><a href=\"http:\/\/www.schillingers.de\/\">http:\/\/www.schillingers.de\/<\/a><\/p>\n\n\n\n<p>Ihr Taxi zum Rennen, Restaurant, Konzert oder Ausflug. Bitte Zeigen Sie Ihr Zimmerschl\u00fcssel vor Ort damit Sie unsere Sonderkonditionen erhalten.<\/p>\n\n\n\n<p><a href=\"https:\/\/www.nuerburg.de\/wirtschaft\/item\/49-taxiamring\">https:\/\/www.nuerburg.de\/wirtschaft\/item\/49-taxiamring<\/a><\/p>\n\n\n\n<p>Sie wollen auf den Ring Fahren aber Sie besitzen nicht dass passende Fahrzeug? unsere Freunde von Rent 4 Ring bieten Ihnen Fahrzeugen in alle Kategorien und unterst\u00fctzen Sie mit Tipps und Trainings wenn Sie dies m\u00f6chten. <\/p>\n\n\n\n<p><a href=\"https:\/\/www.rent4ring.de\/de\/\">https:\/\/www.rent4ring.de\/de\/<\/a><\/p>\n\n\n\n<p>Sie wollen lieber \u00fcber der Ring gefahren werden von ein Profi? hier sind Sie genau richtig!!<\/p>\n\n\n\n<p><\/p>\n\n\n\n<p>Gem\u00fctlich Essen , den Tag ausklingen lassen oder den Ausblick von Rheinland-Pfalz h\u00f6chste Terrasse genie\u00dfen im Schatten der N\u00fcrburg. Wenn Sie Ihr Zimmerschl\u00fcssel vorzeigen bekommen Sie auch hier eine Aufmerksamkeit vom Haus. <\/p>\n\n\n\n<p><a href=\"http:\/\/zur-nuerburg.de\/\">http:\/\/zur-nuerburg.de\/<\/a><\/p>\n","protected":false},"excerpt":{"rendered":"<p>Damit Sie bereits vorab Ihr Aufenthalt Planen und gestallten k\u00f6nnen, haben wir hier eine Liste von befreundete Unternehmen. Zum Fr\u00fchst\u00fcck finden Sie auf 80 Meter Entfernung die B\u00e4ckerei Schillinger. Im Herzen von Kelberg k\u00f6nnen Sie dort drinnen oder drau\u00dfen auf der Terrasse Fr\u00fchst\u00fccken oder Kaffee und Kuchen genie\u00dfen. Die B\u00e4ckerei hat T\u00e4glich ge\u00f6ffnet. http:\/\/www.schillingers.de\/ Ihr &hellip; <\/p>\n<p class=\"link-more\"><a href=\"https:\/\/hausveenstra.de\/?page_id=92\" class=\"more-link\"><span class=\"screen-reader-text\">&#8220;Aktivit\u00e4ten&#8221;<\/span> verder lezen<\/a><\/p>\n","protected":false},"author":1,"featured_media":0,"parent":0,"menu_order":0,"comment_status":"closed","ping_status":"closed","template":"","meta":[],"_links":{"self":[{"href":"https:\/\/hausveenstra.de\/index.php?rest_route=\/wp\/v2\/pages\/92"}],"collection":[{"href":"https:\/\/hausveenstra.de\/index.php?rest_route=\/wp\/v2\/pages"}],"about":[{"href":"https:\/\/hausveenstra.de\/index.php?rest_route=\/wp\/v2\/types\/page"}],"author":[{"embeddable":true,"href":"https:\/\/hausveenstra.de\/index.php?rest_route=\/wp\/v2\/users\/1"}],"replies":[{"embeddable":true,"href":"https:\/\/hausveenstra.de\/index.php?rest_route=%2Fwp%2Fv2%2Fcomments&post=92"}],"version-history":[{"count":6,"href":"https:\/\/hausveenstra.de\/index.php?rest_route=\/wp\/v2\/pages\/92\/revisions"}],"predecessor-version":[{"id":145,"href":"https:\/\/hausveenstra.de\/index.php?rest_route=\/wp\/v2\/pages\/92\/revisions\/145"}],"wp:attachment":[{"href":"https:\/\/hausveenstra.de\/index.php?rest_route=%2Fwp%2Fv2%2Fmedia&parent=92"}],"curies":[{"name":"wp","href":"https:\/\/api.w.org\/{rel}","templated":true}]}}